{"id":52,"date":"2022-09-22T20:03:25","date_gmt":"2022-09-23T02:03:25","guid":{"rendered":"https:\/\/mariovenzorministries.com\/?post_type=product&#038;p=52"},"modified":"2022-10-09T19:01:14","modified_gmt":"2022-10-10T01:01:14","slug":"monthly-partnership","status":"publish","type":"product","link":"https:\/\/mariovenzorministries.com\/es\/producto\/monthly-partnership\/","title":{"rendered":"Asociaci\u00f3n Mensual"},"content":{"rendered":"","protected":false},"excerpt":{"rendered":"<h1><span style=\"color: #0bb4aa;\">Conviertete en un Socio de nuestro Ministerio<\/span><\/h1>\n<p>Inscribete y dona de manera mensual del Ministerio de  Mario Venzor. A trav\u00e9s de la entrega puede ser parte directa de lo que Dios est\u00e1 haciendo alrededor del mundo! Crear su cuota mensual de la asociaci\u00f3n autom\u00e1ticamente donar cualquier cantidad mayor de $5.00 cada mes.<\/p>","protected":false},"featured_media":65,"template":"","meta":[],"product_brand":[],"product_cat":[21],"product_tag":[],"class_list":{"0":"post-52","1":"product","2":"type-product","3":"status-publish","4":"has-post-thumbnail","6":"product_cat-giving","8":"first","9":"instock","10":"virtual","11":"sold-individually","12":"product-type-subscription","13":"nyp-product"},"yoast_head":"<!-- This site is optimized with the Yoast SEO plugin v25.6 - https:\/\/yoast.com\/wordpress\/plugins\/seo\/ -->\n<title>Monthly Partnership - Mario Venzor Ministries<\/title>\n<meta name=\"description\" content=\"Start a monthly partnership with Mario Venzor Ministries. Through giving you can be a direct part of what God is doing around the world!\" \/>\n<meta name=\"robots\" content=\"index, follow, max-snippet:-1, max-image-preview:large, max-video-preview:-1\" \/>\n<link rel=\"canonical\" href=\"https:\/\/mariovenzorministries.com\/es\/producto\/monthly-partnership\/\" \/>\n<meta property=\"og:locale\" content=\"es_MX\" \/>\n<meta property=\"og:type\" content=\"article\" \/>\n<meta property=\"og:title\" content=\"Monthly Partnership - Mario Venzor Ministries\" \/>\n<meta property=\"og:description\" content=\"Start a monthly partnership with Mario Venzor Ministries. Through giving you can be a direct part of what God is doing around the world!\" \/>\n<meta property=\"og:url\" content=\"https:\/\/mariovenzorministries.com\/es\/producto\/monthly-partnership\/\" \/>\n<meta property=\"og:site_name\" content=\"Mario Venzor Ministries\" \/>\n<meta property=\"article:modified_time\" content=\"2022-10-10T01:01:14+00:00\" \/>\n<meta property=\"og:image\" content=\"https:\/\/mariovenzorministries.com\/wp-content\/uploads\/2022\/09\/partnership-icon_600x600-web_9-22-22.png\" \/>\n\t<meta property=\"og:image:width\" content=\"600\" \/>\n\t<meta property=\"og:image:height\" content=\"600\" \/>\n\t<meta property=\"og:image:type\" content=\"image\/png\" \/>\n<meta name=\"twitter:card\" content=\"summary_large_image\" \/>\n<script type=\"application\/ld+json\" class=\"yoast-schema-graph\">{\"@context\":\"https:\/\/schema.org\",\"@graph\":[{\"@type\":\"WebPage\",\"@id\":\"https:\/\/mariovenzorministries.com\/product\/monthly-partnership\/\",\"url\":\"https:\/\/mariovenzorministries.com\/product\/monthly-partnership\/\",\"name\":\"Monthly Partnership - Mario Venzor Ministries\",\"isPartOf\":{\"@id\":\"https:\/\/mariovenzorministries.com\/#website\"},\"primaryImageOfPage\":{\"@id\":\"https:\/\/mariovenzorministries.com\/product\/monthly-partnership\/#primaryimage\"},\"image\":{\"@id\":\"https:\/\/mariovenzorministries.com\/product\/monthly-partnership\/#primaryimage\"},\"thumbnailUrl\":\"https:\/\/mariovenzorministries.com\/wp-content\/uploads\/2022\/09\/partnership-icon_600x600-web_9-22-22.png\",\"datePublished\":\"2022-09-23T02:03:25+00:00\",\"dateModified\":\"2022-10-10T01:01:14+00:00\",\"description\":\"Start a monthly partnership with Mario Venzor Ministries. Through giving you can be a direct part of what God is doing around the world!\",\"breadcrumb\":{\"@id\":\"https:\/\/mariovenzorministries.com\/product\/monthly-partnership\/#breadcrumb\"},\"inLanguage\":\"es\",\"potentialAction\":[{\"@type\":\"ReadAction\",\"target\":[\"https:\/\/mariovenzorministries.com\/product\/monthly-partnership\/\"]}]},{\"@type\":\"ImageObject\",\"inLanguage\":\"es\",\"@id\":\"https:\/\/mariovenzorministries.com\/product\/monthly-partnership\/#primaryimage\",\"url\":\"https:\/\/mariovenzorministries.com\/wp-content\/uploads\/2022\/09\/partnership-icon_600x600-web_9-22-22.png\",\"contentUrl\":\"https:\/\/mariovenzorministries.com\/wp-content\/uploads\/2022\/09\/partnership-icon_600x600-web_9-22-22.png\",\"width\":600,\"height\":600,\"caption\":\"Monthly Partnership with Mario Venzor Ministries\"},{\"@type\":\"BreadcrumbList\",\"@id\":\"https:\/\/mariovenzorministries.com\/product\/monthly-partnership\/#breadcrumb\",\"itemListElement\":[{\"@type\":\"ListItem\",\"position\":1,\"name\":\"Home\",\"item\":\"https:\/\/mariovenzorministries.com\/\"},{\"@type\":\"ListItem\",\"position\":2,\"name\":\"Shop\",\"item\":\"https:\/\/mariovenzorministries.com\/shop\/\"},{\"@type\":\"ListItem\",\"position\":3,\"name\":\"Monthly Partnership\"}]},{\"@type\":\"WebSite\",\"@id\":\"https:\/\/mariovenzorministries.com\/#website\",\"url\":\"https:\/\/mariovenzorministries.com\/\",\"name\":\"Mario Venzor Ministries\",\"description\":\"Rise Up and Build the Kingdom\",\"publisher\":{\"@id\":\"https:\/\/mariovenzorministries.com\/#organization\"},\"potentialAction\":[{\"@type\":\"SearchAction\",\"target\":{\"@type\":\"EntryPoint\",\"urlTemplate\":\"https:\/\/mariovenzorministries.com\/?s={search_term_string}\"},\"query-input\":{\"@type\":\"PropertyValueSpecification\",\"valueRequired\":true,\"valueName\":\"search_term_string\"}}],\"inLanguage\":\"es\"},{\"@type\":\"Organization\",\"@id\":\"https:\/\/mariovenzorministries.com\/#organization\",\"name\":\"Mario Venzor Ministries\",\"url\":\"https:\/\/mariovenzorministries.com\/\",\"logo\":{\"@type\":\"ImageObject\",\"inLanguage\":\"es\",\"@id\":\"https:\/\/mariovenzorministries.com\/#\/schema\/logo\/image\/\",\"url\":\"https:\/\/mariovenzorministries.com\/wp-content\/uploads\/2022\/10\/mario-venzor-ministries_400x100-logo-white-for-web_9-30-22.png\",\"contentUrl\":\"https:\/\/mariovenzorministries.com\/wp-content\/uploads\/2022\/10\/mario-venzor-ministries_400x100-logo-white-for-web_9-30-22.png\",\"width\":400,\"height\":100,\"caption\":\"Mario Venzor Ministries\"},\"image\":{\"@id\":\"https:\/\/mariovenzorministries.com\/#\/schema\/logo\/image\/\"}}]}<\/script>\n<!-- \/ Yoast SEO plugin. -->","yoast_head_json":{"title":"Monthly Partnership - Mario Venzor Ministries","description":"Start a monthly partnership with Mario Venzor Ministries. Through giving you can be a direct part of what God is doing around the world!","robots":{"index":"index","follow":"follow","max-snippet":"max-snippet:-1","max-image-preview":"max-image-preview:large","max-video-preview":"max-video-preview:-1"},"canonical":"https:\/\/mariovenzorministries.com\/es\/producto\/monthly-partnership\/","og_locale":"es_MX","og_type":"article","og_title":"Monthly Partnership - Mario Venzor Ministries","og_description":"Start a monthly partnership with Mario Venzor Ministries. Through giving you can be a direct part of what God is doing around the world!","og_url":"https:\/\/mariovenzorministries.com\/es\/producto\/monthly-partnership\/","og_site_name":"Mario Venzor Ministries","article_modified_time":"2022-10-10T01:01:14+00:00","og_image":[{"width":600,"height":600,"url":"https:\/\/mariovenzorministries.com\/wp-content\/uploads\/2022\/09\/partnership-icon_600x600-web_9-22-22.png","type":"image\/png"}],"twitter_card":"summary_large_image","schema":{"@context":"https:\/\/schema.org","@graph":[{"@type":"WebPage","@id":"https:\/\/mariovenzorministries.com\/product\/monthly-partnership\/","url":"https:\/\/mariovenzorministries.com\/product\/monthly-partnership\/","name":"Monthly Partnership - Mario Venzor Ministries","isPartOf":{"@id":"https:\/\/mariovenzorministries.com\/#website"},"primaryImageOfPage":{"@id":"https:\/\/mariovenzorministries.com\/product\/monthly-partnership\/#primaryimage"},"image":{"@id":"https:\/\/mariovenzorministries.com\/product\/monthly-partnership\/#primaryimage"},"thumbnailUrl":"https:\/\/mariovenzorministries.com\/wp-content\/uploads\/2022\/09\/partnership-icon_600x600-web_9-22-22.png","datePublished":"2022-09-23T02:03:25+00:00","dateModified":"2022-10-10T01:01:14+00:00","description":"Start a monthly partnership with Mario Venzor Ministries. Through giving you can be a direct part of what God is doing around the world!","breadcrumb":{"@id":"https:\/\/mariovenzorministries.com\/product\/monthly-partnership\/#breadcrumb"},"inLanguage":"es","potentialAction":[{"@type":"ReadAction","target":["https:\/\/mariovenzorministries.com\/product\/monthly-partnership\/"]}]},{"@type":"ImageObject","inLanguage":"es","@id":"https:\/\/mariovenzorministries.com\/product\/monthly-partnership\/#primaryimage","url":"https:\/\/mariovenzorministries.com\/wp-content\/uploads\/2022\/09\/partnership-icon_600x600-web_9-22-22.png","contentUrl":"https:\/\/mariovenzorministries.com\/wp-content\/uploads\/2022\/09\/partnership-icon_600x600-web_9-22-22.png","width":600,"height":600,"caption":"Monthly Partnership with Mario Venzor Ministries"},{"@type":"BreadcrumbList","@id":"https:\/\/mariovenzorministries.com\/product\/monthly-partnership\/#breadcrumb","itemListElement":[{"@type":"ListItem","position":1,"name":"Home","item":"https:\/\/mariovenzorministries.com\/"},{"@type":"ListItem","position":2,"name":"Shop","item":"https:\/\/mariovenzorministries.com\/shop\/"},{"@type":"ListItem","position":3,"name":"Monthly Partnership"}]},{"@type":"WebSite","@id":"https:\/\/mariovenzorministries.com\/#website","url":"https:\/\/mariovenzorministries.com\/","name":"Mario Venzor Ministerios","description":"Levantarse y Construir el Reino","publisher":{"@id":"https:\/\/mariovenzorministries.com\/#organization"},"potentialAction":[{"@type":"SearchAction","target":{"@type":"EntryPoint","urlTemplate":"https:\/\/mariovenzorministries.com\/?s={search_term_string}"},"query-input":{"@type":"PropertyValueSpecification","valueRequired":true,"valueName":"search_term_string"}}],"inLanguage":"es"},{"@type":"Organization","@id":"https:\/\/mariovenzorministries.com\/#organization","name":"Mario Venzor Ministerios","url":"https:\/\/mariovenzorministries.com\/","logo":{"@type":"ImageObject","inLanguage":"es","@id":"https:\/\/mariovenzorministries.com\/#\/schema\/logo\/image\/","url":"https:\/\/mariovenzorministries.com\/wp-content\/uploads\/2022\/10\/mario-venzor-ministries_400x100-logo-white-for-web_9-30-22.png","contentUrl":"https:\/\/mariovenzorministries.com\/wp-content\/uploads\/2022\/10\/mario-venzor-ministries_400x100-logo-white-for-web_9-30-22.png","width":400,"height":100,"caption":"Mario Venzor Ministries"},"image":{"@id":"https:\/\/mariovenzorministries.com\/#\/schema\/logo\/image\/"}}]}},"jetpack_sharing_enabled":true,"featured_media_urls":{"thumbnail":["https:\/\/mariovenzorministries.com\/wp-content\/uploads\/2022\/09\/partnership-icon_600x600-web_9-22-22-150x150.png",150,150,true],"medium":["https:\/\/mariovenzorministries.com\/wp-content\/uploads\/2022\/09\/partnership-icon_600x600-web_9-22-22-300x300.png",300,300,true],"medium_large":["https:\/\/mariovenzorministries.com\/wp-content\/uploads\/2022\/09\/partnership-icon_600x600-web_9-22-22.png",600,600,false],"large":["https:\/\/mariovenzorministries.com\/wp-content\/uploads\/2022\/09\/partnership-icon_600x600-web_9-22-22.png",600,600,false],"1536x1536":["https:\/\/mariovenzorministries.com\/wp-content\/uploads\/2022\/09\/partnership-icon_600x600-web_9-22-22.png",600,600,false],"2048x2048":["https:\/\/mariovenzorministries.com\/wp-content\/uploads\/2022\/09\/partnership-icon_600x600-web_9-22-22.png",600,600,false],"trp-custom-language-flag":["https:\/\/mariovenzorministries.com\/wp-content\/uploads\/2022\/09\/partnership-icon_600x600-web_9-22-22-12x12.png",12,12,true],"inspiro-featured-image":["https:\/\/mariovenzorministries.com\/wp-content\/uploads\/2022\/09\/partnership-icon_600x600-web_9-22-22.png",600,600,false],"inspiro-loop":["https:\/\/mariovenzorministries.com\/wp-content\/uploads\/2022\/09\/partnership-icon_600x600-web_9-22-22-600x320.png",600,320,true],"inspiro-loop@2x":["https:\/\/mariovenzorministries.com\/wp-content\/uploads\/2022\/09\/partnership-icon_600x600-web_9-22-22.png",600,600,false],"woocommerce_thumbnail":["https:\/\/mariovenzorministries.com\/wp-content\/uploads\/2022\/09\/partnership-icon_600x600-web_9-22-22-300x300.png",300,300,true],"woocommerce_single":["https:\/\/mariovenzorministries.com\/wp-content\/uploads\/2022\/09\/partnership-icon_600x600-web_9-22-22.png",600,600,false],"woocommerce_gallery_thumbnail":["https:\/\/mariovenzorministries.com\/wp-content\/uploads\/2022\/09\/partnership-icon_600x600-web_9-22-22-100x100.png",100,100,true],"portfolio_item-thumbnail":["https:\/\/mariovenzorministries.com\/wp-content\/uploads\/2022\/09\/partnership-icon_600x600-web_9-22-22-600x400.png",600,400,true],"portfolio_item-thumbnail@2x":["https:\/\/mariovenzorministries.com\/wp-content\/uploads\/2022\/09\/partnership-icon_600x600-web_9-22-22.png",600,600,false],"portfolio_item-masonry":["https:\/\/mariovenzorministries.com\/wp-content\/uploads\/2022\/09\/partnership-icon_600x600-web_9-22-22.png",600,600,false],"portfolio_item-masonry@2x":["https:\/\/mariovenzorministries.com\/wp-content\/uploads\/2022\/09\/partnership-icon_600x600-web_9-22-22.png",600,600,false],"portfolio_item-thumbnail_cinema":["https:\/\/mariovenzorministries.com\/wp-content\/uploads\/2022\/09\/partnership-icon_600x600-web_9-22-22-600x335.png",600,335,true],"portfolio_item-thumbnail_portrait":["https:\/\/mariovenzorministries.com\/wp-content\/uploads\/2022\/09\/partnership-icon_600x600-web_9-22-22.png",600,600,false],"portfolio_item-thumbnail_portrait@2x":["https:\/\/mariovenzorministries.com\/wp-content\/uploads\/2022\/09\/partnership-icon_600x600-web_9-22-22.png",600,600,false],"portfolio_item-thumbnail_square":["https:\/\/mariovenzorministries.com\/wp-content\/uploads\/2022\/09\/partnership-icon_600x600-web_9-22-22.png",600,600,false]},"_links":{"self":[{"href":"https:\/\/mariovenzorministries.com\/es\/wp-json\/wp\/v2\/product\/52"}],"collection":[{"href":"https:\/\/mariovenzorministries.com\/es\/wp-json\/wp\/v2\/product"}],"about":[{"href":"https:\/\/mariovenzorministries.com\/es\/wp-json\/wp\/v2\/types\/product"}],"wp:featuredmedia":[{"embeddable":true,"href":"https:\/\/mariovenzorministries.com\/es\/wp-json\/wp\/v2\/media\/65"}],"wp:attachment":[{"href":"https:\/\/mariovenzorministries.com\/es\/wp-json\/wp\/v2\/media?parent=52"}],"wp:term":[{"taxonomy":"product_brand","embeddable":true,"href":"https:\/\/mariovenzorministries.com\/es\/wp-json\/wp\/v2\/product_brand?post=52"},{"taxonomy":"product_cat","embeddable":true,"href":"https:\/\/mariovenzorministries.com\/es\/wp-json\/wp\/v2\/product_cat?post=52"},{"taxonomy":"product_tag","embeddable":true,"href":"https:\/\/mariovenzorministries.com\/es\/wp-json\/wp\/v2\/product_tag?post=52"}],"curies":[{"name":"wp","href":"https:\/\/api.w.org\/{rel}","templated":true}]}}