{"id":19,"date":"2022-09-17T14:15:12","date_gmt":"2022-09-17T20:15:12","guid":{"rendered":"https:\/\/mariovenzorministries.com\/?page_id=19"},"modified":"2024-03-31T22:30:58","modified_gmt":"2024-04-01T04:30:58","slug":"about-mario-venzor-ministries","status":"publish","type":"page","link":"https:\/\/mariovenzorministries.com\/es\/about-mario-venzor-ministries\/","title":{"rendered":"Acerca De Nosotros \u2013 Mario Venzor Ministerios"},"content":{"rendered":"<div data-elementor-type=\"wp-page\" data-elementor-id=\"19\" class=\"elementor elementor-19\" data-elementor-post-type=\"page\">\n\t\t\t\t\t\t<section class=\"elementor-section elementor-top-section elementor-element elementor-element-ee85764 elementor-section-stretched elementor-section-boxed elementor-section-height-default elementor-section-height-default\" data-id=\"ee85764\" data-element_type=\"section\" data-e-type=\"section\" data-settings=\"{&quot;stretch_section&quot;:&quot;section-stretched&quot;}\">\n\t\t\t\t\t\t<div class=\"elementor-container elementor-column-gap-default\">\n\t\t\t\t\t<div class=\"elementor-column elementor-col-50 elementor-top-column elementor-element elementor-element-339df43\" data-id=\"339df43\" data-element_type=\"column\" data-e-type=\"column\">\n\t\t\t<div class=\"elementor-widget-wrap elementor-element-populated\">\n\t\t\t\t\t\t<div class=\"elementor-element elementor-element-bc5852c elementor-widget elementor-widget-image\" data-id=\"bc5852c\" data-element_type=\"widget\" data-e-type=\"widget\" data-widget_type=\"image.default\">\n\t\t\t\t<div class=\"elementor-widget-container\">\n\t\t\t\t\t\t\t\t\t\t\t\t\t\t\t<img fetchpriority=\"high\" decoding=\"async\" width=\"300\" height=\"300\" src=\"https:\/\/mariovenzorministries.com\/wp-content\/uploads\/2022\/09\/mario-and-sharon-venzor_600x600-portrait-circle-cutout_9-17-22-300x300.png\" class=\"attachment-medium size-medium wp-image-38\" alt=\"Mario and Sharon Venzor Founders of Mario Venzor Ministries\" srcset=\"https:\/\/mariovenzorministries.com\/wp-content\/uploads\/2022\/09\/mario-and-sharon-venzor_600x600-portrait-circle-cutout_9-17-22-300x300.png 300w, https:\/\/mariovenzorministries.com\/wp-content\/uploads\/2022\/09\/mario-and-sharon-venzor_600x600-portrait-circle-cutout_9-17-22-150x150.png 150w, https:\/\/mariovenzorministries.com\/wp-content\/uploads\/2022\/09\/mario-and-sharon-venzor_600x600-portrait-circle-cutout_9-17-22-12x12.png 12w, https:\/\/mariovenzorministries.com\/wp-content\/uploads\/2022\/09\/mario-and-sharon-venzor_600x600-portrait-circle-cutout_9-17-22-100x100.png 100w, https:\/\/mariovenzorministries.com\/wp-content\/uploads\/2022\/09\/mario-and-sharon-venzor_600x600-portrait-circle-cutout_9-17-22.png 600w\" sizes=\"100vw\" \/>\t\t\t\t\t\t\t\t\t\t\t\t\t\t\t<\/div>\n\t\t\t\t<\/div>\n\t\t\t\t\t<\/div>\n\t\t<\/div>\n\t\t\t\t<div class=\"elementor-column elementor-col-50 elementor-top-column elementor-element elementor-element-5a94111\" data-id=\"5a94111\" data-element_type=\"column\" data-e-type=\"column\">\n\t\t\t<div class=\"elementor-widget-wrap elementor-element-populated\">\n\t\t\t\t\t\t<div class=\"elementor-element elementor-element-393e091 elementor-widget elementor-widget-heading\" data-id=\"393e091\" data-element_type=\"widget\" data-e-type=\"widget\" data-widget_type=\"heading.default\">\n\t\t\t\t<div class=\"elementor-widget-container\">\n\t\t\t\t\t<h1 class=\"elementor-heading-title elementor-size-default\">Acerca de Mario &amp; Sharon Venzor<\/h1>\t\t\t\t<\/div>\n\t\t\t\t<\/div>\n\t\t\t\t<div class=\"elementor-element elementor-element-beb6a19 elementor-widget elementor-widget-text-editor\" data-id=\"beb6a19\" data-element_type=\"widget\" data-e-type=\"widget\" data-widget_type=\"text-editor.default\">\n\t\t\t\t<div class=\"elementor-widget-container\">\n\t\t\t\t\t\t\t\t\t<p>Mario Venzor Ministerios fue fundada por Mario y Sharon Venzor para compartir el Evangelio de Jesucristo. Nuestra comisi\u00f3n de que El Esp\u00edritu Santo es, &#034;lev\u00e1ntate y construir&#034; el reino a trav\u00e9s de las naciones. <b>Tenemos un especial del coraz\u00f3n y el \u00e9nfasis para ministrar a los hispanos de los pueblos de todo el mundo. A trav\u00e9s de la evangelizaci\u00f3n, la predicaci\u00f3n, la ense\u00f1anza, y los dones del Esp\u00edritu Santo, nos est\u00e1n alcanzando a los perdidos con el sincero coraz\u00f3n compasivo de Jes\u00fas Cristo.<\/b> A trav\u00e9s de la Palabra de Dios y la operaci\u00f3n de los Dones del Esp\u00edritu Santo, estamos llevando a las personas a una relaci\u00f3n personal con Cristo Jes\u00fas, la curaci\u00f3n de los enfermos, y la superaci\u00f3n de los religiosos y fortalezas demon\u00edacas.<\/p>\t\t\t\t\t\t\t\t<\/div>\n\t\t\t\t<\/div>\n\t\t\t\t<div class=\"elementor-element elementor-element-cb0e94b elementor-align-left elementor-widget elementor-widget-button\" data-id=\"cb0e94b\" data-element_type=\"widget\" data-e-type=\"widget\" data-widget_type=\"button.default\">\n\t\t\t\t<div class=\"elementor-widget-container\">\n\t\t\t\t\t\t\t\t\t<div class=\"elementor-button-wrapper\">\n\t\t\t\t\t<a class=\"elementor-button elementor-button-link elementor-size-lg\" href=\"https:\/\/mariovenzorministries.com\/es\/mexico-missions\/\">\n\t\t\t\t\t\t<span class=\"elementor-button-content-wrapper\">\n\t\t\t\t\t\t\t\t\t<span class=\"elementor-button-text\">Misiones en M\u00e9xico<\/span>\n\t\t\t\t\t<\/span>\n\t\t\t\t\t<\/a>\n\t\t\t\t<\/div>\n\t\t\t\t\t\t\t\t<\/div>\n\t\t\t\t<\/div>\n\t\t\t\t\t<\/div>\n\t\t<\/div>\n\t\t\t\t\t<\/div>\n\t\t<\/section>\n\t\t\t\t<section class=\"elementor-section elementor-top-section elementor-element elementor-element-47ea7bc3 elementor-section-stretched elementor-section-boxed elementor-section-height-default elementor-section-height-default\" data-id=\"47ea7bc3\" data-element_type=\"section\" data-e-type=\"section\" data-settings=\"{&quot;stretch_section&quot;:&quot;section-stretched&quot;,&quot;background_background&quot;:&quot;classic&quot;}\">\n\t\t\t\t\t\t<div class=\"elementor-container elementor-column-gap-default\">\n\t\t\t\t\t<div class=\"elementor-column elementor-col-100 elementor-top-column elementor-element elementor-element-38209830\" data-id=\"38209830\" data-element_type=\"column\" data-e-type=\"column\">\n\t\t\t<div class=\"elementor-widget-wrap elementor-element-populated\">\n\t\t\t\t\t\t<div class=\"elementor-element elementor-element-2c589c0 elementor-widget elementor-widget-text-editor\" data-id=\"2c589c0\" data-element_type=\"widget\" data-e-type=\"widget\" data-widget_type=\"text-editor.default\">\n\t\t\t\t<div class=\"elementor-widget-container\">\n\t\t\t\t\t\t\t\t\t<p>\u201cThen the Lord put forth His hand and touched my mouth, and the Lord said to me:\u00a0\u201cBehold, I have\u00a0put My words in your mouth.\u00a0See, I have this day set you over the nations and over the kingdoms,\u00a0To\u00a0root out and to pull down,\u00a0To destroy and to throw down,\u00a0To build and to plant.&#8221;<\/p>\t\t\t\t\t\t\t\t<\/div>\n\t\t\t\t<\/div>\n\t\t\t\t<div class=\"elementor-element elementor-element-e0cc1ce elementor-widget elementor-widget-text-editor\" data-id=\"e0cc1ce\" data-element_type=\"widget\" data-e-type=\"widget\" data-widget_type=\"text-editor.default\">\n\t\t\t\t<div class=\"elementor-widget-container\">\n\t\t\t\t\t\t\t\t\t<p>\u00a0&#8211; Jeremiah 1:9-10<\/p>\t\t\t\t\t\t\t\t<\/div>\n\t\t\t\t<\/div>\n\t\t\t\t\t<\/div>\n\t\t<\/div>\n\t\t\t\t\t<\/div>\n\t\t<\/section>\n\t\t\t\t<section class=\"elementor-section elementor-top-section elementor-element elementor-element-7b92e99 elementor-section-stretched elementor-section-boxed elementor-section-height-default elementor-section-height-default\" data-id=\"7b92e99\" data-element_type=\"section\" data-e-type=\"section\" data-settings=\"{&quot;stretch_section&quot;:&quot;section-stretched&quot;,&quot;background_background&quot;:&quot;classic&quot;}\">\n\t\t\t\t\t\t<div class=\"elementor-container elementor-column-gap-default\">\n\t\t\t\t\t<div class=\"elementor-column elementor-col-33 elementor-top-column elementor-element elementor-element-a81e715\" data-id=\"a81e715\" data-element_type=\"column\" data-e-type=\"column\">\n\t\t\t<div class=\"elementor-widget-wrap elementor-element-populated\">\n\t\t\t\t\t\t<div class=\"elementor-element elementor-element-949b2c8 elementor-widget__width-initial elementor-widget-tablet__width-initial elementor-widget elementor-widget-image\" data-id=\"949b2c8\" data-element_type=\"widget\" data-e-type=\"widget\" data-widget_type=\"image.default\">\n\t\t\t\t<div class=\"elementor-widget-container\">\n\t\t\t\t\t\t\t\t\t\t\t\t\t\t\t<img decoding=\"async\" src=\"https:\/\/mariovenzorministries.com\/wp-content\/uploads\/2022\/10\/mario-venzor-ministries_400x100-logo-white-for-web_9-30-22.png\" title=\"mario-venzor-ministries_400x100-logo-white-for-web_9-30-22\" alt=\"Mario Venzor Ministries logo\" loading=\"lazy\" \/>\t\t\t\t\t\t\t\t\t\t\t\t\t\t\t<\/div>\n\t\t\t\t<\/div>\n\t\t\t\t\t<\/div>\n\t\t<\/div>\n\t\t\t\t<div class=\"elementor-column elementor-col-33 elementor-top-column elementor-element elementor-element-e3c8b9b\" data-id=\"e3c8b9b\" data-element_type=\"column\" data-e-type=\"column\">\n\t\t\t<div class=\"elementor-widget-wrap elementor-element-populated\">\n\t\t\t\t\t\t<div class=\"elementor-element elementor-element-5a2d365 elementor-widget elementor-widget-heading\" data-id=\"5a2d365\" data-element_type=\"widget\" data-e-type=\"widget\" data-widget_type=\"heading.default\">\n\t\t\t\t<div class=\"elementor-widget-container\">\n\t\t\t\t\t<p class=\"elementor-heading-title elementor-size-default\">Menu<\/p>\t\t\t\t<\/div>\n\t\t\t\t<\/div>\n\t\t\t\t<div class=\"elementor-element elementor-element-23d0973 elementor-nav-menu__align-left elementor-nav-menu--dropdown-none elementor-widget elementor-widget-nav-menu\" data-id=\"23d0973\" data-element_type=\"widget\" data-e-type=\"widget\" data-settings=\"{&quot;layout&quot;:&quot;vertical&quot;,&quot;submenu_icon&quot;:{&quot;value&quot;:&quot;&lt;i class=\\&quot;fas fa-caret-down\\&quot;&gt;&lt;\\\/i&gt;&quot;,&quot;library&quot;:&quot;fa-solid&quot;}}\" data-widget_type=\"nav-menu.default\">\n\t\t\t\t<div class=\"elementor-widget-container\">\n\t\t\t\t\t\t\t\t<nav class=\"elementor-nav-menu--main elementor-nav-menu__container elementor-nav-menu--layout-vertical e--pointer-none\">\n\t\t\t\t<ul id=\"menu-1-23d0973\" class=\"elementor-nav-menu sm-vertical\"><li class=\"menu-item menu-item-type-post_type menu-item-object-page menu-item-23\"><a href=\"https:\/\/mariovenzorministries.com\/es\/about-mario-venzor-ministries\/\" class=\"elementor-item\">Nosotros<\/a><\/li>\n<li class=\"menu-item menu-item-type-post_type menu-item-object-page menu-item-47\"><a href=\"https:\/\/mariovenzorministries.com\/es\/mexico-missions\/\" class=\"elementor-item\">Misiones en M\u00e9xico<\/a><\/li>\n<li class=\"menu-item menu-item-type-custom menu-item-object-custom menu-item-77\"><a href=\"https:\/\/mariovenzorministries.com\/es\/producto\/donate\/\" class=\"elementor-item\">Donar<\/a><\/li>\n<li class=\"menu-item menu-item-type-custom menu-item-object-custom menu-item-53\"><a href=\"https:\/\/mariovenzorministries.com\/es\/producto\/monthly-partnership\/\" class=\"elementor-item\">Socio<\/a><\/li>\n<li class=\"menu-item menu-item-type-post_type menu-item-object-page menu-item-49\"><a href=\"https:\/\/mariovenzorministries.com\/es\/contact\/\" class=\"elementor-item\">Contacto<\/a><\/li>\n<li class=\"menu-item menu-item-type-post_type menu-item-object-page menu-item-432\"><a href=\"https:\/\/mariovenzorministries.com\/es\/cart\/\" class=\"elementor-item\">Carrito<\/a><\/li>\n<\/ul>\t\t\t<\/nav>\n\t\t\t\t\t\t<nav class=\"elementor-nav-menu--dropdown elementor-nav-menu__container\" aria-hidden=\"true\">\n\t\t\t\t<ul id=\"menu-2-23d0973\" class=\"elementor-nav-menu sm-vertical\"><li class=\"menu-item menu-item-type-post_type menu-item-object-page menu-item-23\"><a href=\"https:\/\/mariovenzorministries.com\/es\/about-mario-venzor-ministries\/\" class=\"elementor-item\" tabindex=\"-1\">Nosotros<\/a><\/li>\n<li class=\"menu-item menu-item-type-post_type menu-item-object-page menu-item-47\"><a href=\"https:\/\/mariovenzorministries.com\/es\/mexico-missions\/\" class=\"elementor-item\" tabindex=\"-1\">Misiones en M\u00e9xico<\/a><\/li>\n<li class=\"menu-item menu-item-type-custom menu-item-object-custom menu-item-77\"><a href=\"https:\/\/mariovenzorministries.com\/es\/producto\/donate\/\" class=\"elementor-item\" tabindex=\"-1\">Donar<\/a><\/li>\n<li class=\"menu-item menu-item-type-custom menu-item-object-custom menu-item-53\"><a href=\"https:\/\/mariovenzorministries.com\/es\/producto\/monthly-partnership\/\" class=\"elementor-item\" tabindex=\"-1\">Socio<\/a><\/li>\n<li class=\"menu-item menu-item-type-post_type menu-item-object-page menu-item-49\"><a href=\"https:\/\/mariovenzorministries.com\/es\/contact\/\" class=\"elementor-item\" tabindex=\"-1\">Contacto<\/a><\/li>\n<li class=\"menu-item menu-item-type-post_type menu-item-object-page menu-item-432\"><a href=\"https:\/\/mariovenzorministries.com\/es\/cart\/\" class=\"elementor-item\" tabindex=\"-1\">Carrito<\/a><\/li>\n<\/ul>\t\t\t<\/nav>\n\t\t\t\t\t\t<\/div>\n\t\t\t\t<\/div>\n\t\t\t\t\t<\/div>\n\t\t<\/div>\n\t\t\t\t<div class=\"elementor-column elementor-col-33 elementor-top-column elementor-element elementor-element-b4c6f59\" data-id=\"b4c6f59\" data-element_type=\"column\" data-e-type=\"column\">\n\t\t\t<div class=\"elementor-widget-wrap elementor-element-populated\">\n\t\t\t\t\t\t<div class=\"elementor-element elementor-element-1ce9c2a elementor-widget elementor-widget-heading\" data-id=\"1ce9c2a\" data-element_type=\"widget\" data-e-type=\"widget\" data-widget_type=\"heading.default\">\n\t\t\t\t<div class=\"elementor-widget-container\">\n\t\t\t\t\t<p class=\"elementor-heading-title elementor-size-default\">You can send letters to<\/p>\t\t\t\t<\/div>\n\t\t\t\t<\/div>\n\t\t\t\t<div class=\"elementor-element elementor-element-96ad401 elementor-widget elementor-widget-text-editor\" data-id=\"96ad401\" data-element_type=\"widget\" data-e-type=\"widget\" data-widget_type=\"text-editor.default\">\n\t\t\t\t<div class=\"elementor-widget-container\">\n\t\t\t\t\t\t\t\t\t<p>Mario Proveedor Ministerios<br \/>425 S. Chelton Rd,<br \/>Colorado Springs, CO<br \/>80910<\/p>\t\t\t\t\t\t\t\t<\/div>\n\t\t\t\t<\/div>\n\t\t\t\t<div class=\"elementor-element elementor-element-aaae604 elementor-widget elementor-widget-heading\" data-id=\"aaae604\" data-element_type=\"widget\" data-e-type=\"widget\" data-widget_type=\"heading.default\">\n\t\t\t\t<div class=\"elementor-widget-container\">\n\t\t\t\t\t<p class=\"elementor-heading-title elementor-size-default\">Follow us<\/p>\t\t\t\t<\/div>\n\t\t\t\t<\/div>\n\t\t\t\t<div class=\"elementor-element elementor-element-7630fc9 e-grid-align-left elementor-shape-rounded elementor-grid-0 elementor-widget elementor-widget-social-icons\" data-id=\"7630fc9\" data-element_type=\"widget\" data-e-type=\"widget\" data-widget_type=\"social-icons.default\">\n\t\t\t\t<div class=\"elementor-widget-container\">\n\t\t\t\t\t\t\t<div class=\"elementor-social-icons-wrapper elementor-grid\" role=\"list\">\n\t\t\t\t\t\t\t<span class=\"elementor-grid-item\" role=\"listitem\">\n\t\t\t\t\t<a class=\"elementor-icon elementor-social-icon elementor-social-icon-facebook elementor-repeater-item-ea46580\" href=\"https:\/\/www.facebook.com\/venzedor87\" target=\"_blank\">\n\t\t\t\t\t\t<span class=\"elementor-screen-only\">Facebook<\/span>\n\t\t\t\t\t\t<i aria-hidden=\"true\" class=\"fab fa-facebook\"><\/i>\t\t\t\t\t<\/a>\n\t\t\t\t<\/span>\n\t\t\t\t\t\t\t<span class=\"elementor-grid-item\" role=\"listitem\">\n\t\t\t\t\t<a class=\"elementor-icon elementor-social-icon elementor-social-icon-envelope elementor-repeater-item-2387b80\" href=\"mailto:info@mariovenzorministries.com\">\n\t\t\t\t\t\t<span class=\"elementor-screen-only\">Sobres<\/span>\n\t\t\t\t\t\t<i aria-hidden=\"true\" class=\"fas fa-envelope\"><\/i>\t\t\t\t\t<\/a>\n\t\t\t\t<\/span>\n\t\t\t\t\t<\/div>\n\t\t\t\t\t\t<\/div>\n\t\t\t\t<\/div>\n\t\t\t\t\t<\/div>\n\t\t<\/div>\n\t\t\t\t\t<\/div>\n\t\t<\/section>\n\t\t\t\t<\/div>","protected":false},"excerpt":{"rendered":"<p>About Mario &#038; Sharon Venzor Mario Venzor Ministries was founded by Mario and Sharon Venzor to share the Gospel of Jesus Christ. Our commission from The Holy Spirit is to, &#8220;Rise up and build&#8221; the kingdom throughout the nations. We have a special heart and emphasis for ministering to the hispanic peoples throughout the world. &hellip; <\/p>\n<p class=\"link-more\"><a href=\"https:\/\/mariovenzorministries.com\/es\/about-mario-venzor-ministries\/\" class=\"more-link\">Leer m\u00e1s<span class=\"screen-reader-text\"> \u00abAbout Us &#8211; Mario Venzor Ministries\u00bb<\/span><\/a><\/p>","protected":false},"author":1,"featured_media":0,"parent":0,"menu_order":0,"comment_status":"closed","ping_status":"closed","template":"","meta":{"footnotes":""},"class_list":["post-19","page","type-page","status-publish","hentry"],"yoast_head":"<!-- This site is optimized with the Yoast SEO plugin v25.6 - https:\/\/yoast.com\/wordpress\/plugins\/seo\/ -->\n<title>About Us - Mario Venzor Ministries - Mario Venzor Ministries<\/title>\n<meta name=\"description\" content=\"Mario Venzor Ministries was founded by Mario and Sharon Venzor to share the Gospel of Jesus Christ throughout the nations.\" \/>\n<meta name=\"robots\" content=\"index, follow, max-snippet:-1, max-image-preview:large, max-video-preview:-1\" \/>\n<link rel=\"canonical\" href=\"https:\/\/mariovenzorministries.com\/es\/about-mario-venzor-ministries\/\" \/>\n<meta property=\"og:locale\" content=\"es_MX\" \/>\n<meta property=\"og:type\" content=\"article\" \/>\n<meta property=\"og:title\" content=\"About Us - Mario Venzor Ministries - Mario Venzor Ministries\" \/>\n<meta property=\"og:description\" content=\"Mario Venzor Ministries was founded by Mario and Sharon Venzor to share the Gospel of Jesus Christ throughout the nations.\" \/>\n<meta property=\"og:url\" content=\"https:\/\/mariovenzorministries.com\/es\/about-mario-venzor-ministries\/\" \/>\n<meta property=\"og:site_name\" content=\"Mario Venzor Ministries\" \/>\n<meta property=\"article:modified_time\" content=\"2024-04-01T04:30:58+00:00\" \/>\n<meta property=\"og:image\" content=\"https:\/\/mariovenzorministries.com\/wp-content\/uploads\/2022\/09\/mario-and-sharon-venzor_600x600-portrait-circle-cutout_9-17-22-300x300.png\" \/>\n<meta name=\"twitter:card\" content=\"summary_large_image\" \/>\n<meta name=\"twitter:label1\" content=\"Tiempo de lectura\" \/>\n\t<meta name=\"twitter:data1\" content=\"2 minutos\" \/>\n<script type=\"application\/ld+json\" class=\"yoast-schema-graph\">{\"@context\":\"https:\/\/schema.org\",\"@graph\":[{\"@type\":\"WebPage\",\"@id\":\"https:\/\/mariovenzorministries.com\/about-mario-venzor-ministries\/\",\"url\":\"https:\/\/mariovenzorministries.com\/about-mario-venzor-ministries\/\",\"name\":\"About Us - Mario Venzor Ministries - Mario Venzor Ministries\",\"isPartOf\":{\"@id\":\"https:\/\/mariovenzorministries.com\/#website\"},\"primaryImageOfPage\":{\"@id\":\"https:\/\/mariovenzorministries.com\/about-mario-venzor-ministries\/#primaryimage\"},\"image\":{\"@id\":\"https:\/\/mariovenzorministries.com\/about-mario-venzor-ministries\/#primaryimage\"},\"thumbnailUrl\":\"https:\/\/mariovenzorministries.com\/wp-content\/uploads\/2022\/09\/mario-and-sharon-venzor_600x600-portrait-circle-cutout_9-17-22-300x300.png\",\"datePublished\":\"2022-09-17T20:15:12+00:00\",\"dateModified\":\"2024-04-01T04:30:58+00:00\",\"description\":\"Mario Venzor Ministries was founded by Mario and Sharon Venzor to share the Gospel of Jesus Christ throughout the nations.\",\"breadcrumb\":{\"@id\":\"https:\/\/mariovenzorministries.com\/about-mario-venzor-ministries\/#breadcrumb\"},\"inLanguage\":\"es\",\"potentialAction\":[{\"@type\":\"ReadAction\",\"target\":[\"https:\/\/mariovenzorministries.com\/about-mario-venzor-ministries\/\"]}]},{\"@type\":\"ImageObject\",\"inLanguage\":\"es\",\"@id\":\"https:\/\/mariovenzorministries.com\/about-mario-venzor-ministries\/#primaryimage\",\"url\":\"https:\/\/mariovenzorministries.com\/wp-content\/uploads\/2022\/09\/mario-and-sharon-venzor_600x600-portrait-circle-cutout_9-17-22-300x300.png\",\"contentUrl\":\"https:\/\/mariovenzorministries.com\/wp-content\/uploads\/2022\/09\/mario-and-sharon-venzor_600x600-portrait-circle-cutout_9-17-22-300x300.png\"},{\"@type\":\"BreadcrumbList\",\"@id\":\"https:\/\/mariovenzorministries.com\/about-mario-venzor-ministries\/#breadcrumb\",\"itemListElement\":[{\"@type\":\"ListItem\",\"position\":1,\"name\":\"Home\",\"item\":\"https:\/\/mariovenzorministries.com\/\"},{\"@type\":\"ListItem\",\"position\":2,\"name\":\"About Us &#8211; Mario Venzor Ministries\"}]},{\"@type\":\"WebSite\",\"@id\":\"https:\/\/mariovenzorministries.com\/#website\",\"url\":\"https:\/\/mariovenzorministries.com\/\",\"name\":\"Mario Venzor Ministries\",\"description\":\"Rise Up and Build the Kingdom\",\"publisher\":{\"@id\":\"https:\/\/mariovenzorministries.com\/#organization\"},\"potentialAction\":[{\"@type\":\"SearchAction\",\"target\":{\"@type\":\"EntryPoint\",\"urlTemplate\":\"https:\/\/mariovenzorministries.com\/?s={search_term_string}\"},\"query-input\":{\"@type\":\"PropertyValueSpecification\",\"valueRequired\":true,\"valueName\":\"search_term_string\"}}],\"inLanguage\":\"es\"},{\"@type\":\"Organization\",\"@id\":\"https:\/\/mariovenzorministries.com\/#organization\",\"name\":\"Mario Venzor Ministries\",\"url\":\"https:\/\/mariovenzorministries.com\/\",\"logo\":{\"@type\":\"ImageObject\",\"inLanguage\":\"es\",\"@id\":\"https:\/\/mariovenzorministries.com\/#\/schema\/logo\/image\/\",\"url\":\"https:\/\/mariovenzorministries.com\/wp-content\/uploads\/2022\/10\/mario-venzor-ministries_400x100-logo-white-for-web_9-30-22.png\",\"contentUrl\":\"https:\/\/mariovenzorministries.com\/wp-content\/uploads\/2022\/10\/mario-venzor-ministries_400x100-logo-white-for-web_9-30-22.png\",\"width\":400,\"height\":100,\"caption\":\"Mario Venzor Ministries\"},\"image\":{\"@id\":\"https:\/\/mariovenzorministries.com\/#\/schema\/logo\/image\/\"}}]}<\/script>\n<!-- \/ Yoast SEO plugin. -->","yoast_head_json":{"title":"About Us - Mario Venzor Ministries - Mario Venzor Ministries","description":"Mario Venzor Ministries was founded by Mario and Sharon Venzor to share the Gospel of Jesus Christ throughout the nations.","robots":{"index":"index","follow":"follow","max-snippet":"max-snippet:-1","max-image-preview":"max-image-preview:large","max-video-preview":"max-video-preview:-1"},"canonical":"https:\/\/mariovenzorministries.com\/es\/about-mario-venzor-ministries\/","og_locale":"es_MX","og_type":"article","og_title":"About Us - Mario Venzor Ministries - Mario Venzor Ministries","og_description":"Mario Venzor Ministries was founded by Mario and Sharon Venzor to share the Gospel of Jesus Christ throughout the nations.","og_url":"https:\/\/mariovenzorministries.com\/es\/about-mario-venzor-ministries\/","og_site_name":"Mario Venzor Ministries","article_modified_time":"2024-04-01T04:30:58+00:00","og_image":[{"url":"https:\/\/mariovenzorministries.com\/wp-content\/uploads\/2022\/09\/mario-and-sharon-venzor_600x600-portrait-circle-cutout_9-17-22-300x300.png","type":"","width":"","height":""}],"twitter_card":"summary_large_image","twitter_misc":{"Tiempo de lectura":"2 minutos"},"schema":{"@context":"https:\/\/schema.org","@graph":[{"@type":"WebPage","@id":"https:\/\/mariovenzorministries.com\/about-mario-venzor-ministries\/","url":"https:\/\/mariovenzorministries.com\/about-mario-venzor-ministries\/","name":"About Us - Mario Venzor Ministries - Mario Venzor Ministries","isPartOf":{"@id":"https:\/\/mariovenzorministries.com\/#website"},"primaryImageOfPage":{"@id":"https:\/\/mariovenzorministries.com\/about-mario-venzor-ministries\/#primaryimage"},"image":{"@id":"https:\/\/mariovenzorministries.com\/about-mario-venzor-ministries\/#primaryimage"},"thumbnailUrl":"https:\/\/mariovenzorministries.com\/wp-content\/uploads\/2022\/09\/mario-and-sharon-venzor_600x600-portrait-circle-cutout_9-17-22-300x300.png","datePublished":"2022-09-17T20:15:12+00:00","dateModified":"2024-04-01T04:30:58+00:00","description":"Mario Venzor Ministries was founded by Mario and Sharon Venzor to share the Gospel of Jesus Christ throughout the nations.","breadcrumb":{"@id":"https:\/\/mariovenzorministries.com\/about-mario-venzor-ministries\/#breadcrumb"},"inLanguage":"es","potentialAction":[{"@type":"ReadAction","target":["https:\/\/mariovenzorministries.com\/about-mario-venzor-ministries\/"]}]},{"@type":"ImageObject","inLanguage":"es","@id":"https:\/\/mariovenzorministries.com\/about-mario-venzor-ministries\/#primaryimage","url":"https:\/\/mariovenzorministries.com\/wp-content\/uploads\/2022\/09\/mario-and-sharon-venzor_600x600-portrait-circle-cutout_9-17-22-300x300.png","contentUrl":"https:\/\/mariovenzorministries.com\/wp-content\/uploads\/2022\/09\/mario-and-sharon-venzor_600x600-portrait-circle-cutout_9-17-22-300x300.png"},{"@type":"BreadcrumbList","@id":"https:\/\/mariovenzorministries.com\/about-mario-venzor-ministries\/#breadcrumb","itemListElement":[{"@type":"ListItem","position":1,"name":"Home","item":"https:\/\/mariovenzorministries.com\/"},{"@type":"ListItem","position":2,"name":"About Us &#8211; Mario Venzor Ministries"}]},{"@type":"WebSite","@id":"https:\/\/mariovenzorministries.com\/#website","url":"https:\/\/mariovenzorministries.com\/","name":"Mario Venzor Ministerios","description":"Levantarse y Construir el Reino","publisher":{"@id":"https:\/\/mariovenzorministries.com\/#organization"},"potentialAction":[{"@type":"SearchAction","target":{"@type":"EntryPoint","urlTemplate":"https:\/\/mariovenzorministries.com\/?s={search_term_string}"},"query-input":{"@type":"PropertyValueSpecification","valueRequired":true,"valueName":"search_term_string"}}],"inLanguage":"es"},{"@type":"Organization","@id":"https:\/\/mariovenzorministries.com\/#organization","name":"Mario Venzor Ministerios","url":"https:\/\/mariovenzorministries.com\/","logo":{"@type":"ImageObject","inLanguage":"es","@id":"https:\/\/mariovenzorministries.com\/#\/schema\/logo\/image\/","url":"https:\/\/mariovenzorministries.com\/wp-content\/uploads\/2022\/10\/mario-venzor-ministries_400x100-logo-white-for-web_9-30-22.png","contentUrl":"https:\/\/mariovenzorministries.com\/wp-content\/uploads\/2022\/10\/mario-venzor-ministries_400x100-logo-white-for-web_9-30-22.png","width":400,"height":100,"caption":"Mario Venzor Ministries"},"image":{"@id":"https:\/\/mariovenzorministries.com\/#\/schema\/logo\/image\/"}}]}},"jetpack_sharing_enabled":true,"featured_media_urls":[],"_links":{"self":[{"href":"https:\/\/mariovenzorministries.com\/es\/wp-json\/wp\/v2\/pages\/19"}],"collection":[{"href":"https:\/\/mariovenzorministries.com\/es\/wp-json\/wp\/v2\/pages"}],"about":[{"href":"https:\/\/mariovenzorministries.com\/es\/wp-json\/wp\/v2\/types\/page"}],"author":[{"embeddable":true,"href":"https:\/\/mariovenzorministries.com\/es\/wp-json\/wp\/v2\/users\/1"}],"replies":[{"embeddable":true,"href":"https:\/\/mariovenzorministries.com\/es\/wp-json\/wp\/v2\/comments?post=19"}],"version-history":[{"count":5,"href":"https:\/\/mariovenzorministries.com\/es\/wp-json\/wp\/v2\/pages\/19\/revisions"}],"predecessor-version":[{"id":519,"href":"https:\/\/mariovenzorministries.com\/es\/wp-json\/wp\/v2\/pages\/19\/revisions\/519"}],"wp:attachment":[{"href":"https:\/\/mariovenzorministries.com\/es\/wp-json\/wp\/v2\/media?parent=19"}],"curies":[{"name":"wp","href":"https:\/\/api.w.org\/{rel}","templated":true}]}}